{"id":74,"date":"2015-03-03T02:10:34","date_gmt":"2015-03-03T02:10:34","guid":{"rendered":"http:\/\/wp\/enfold-shop\/?page_id=74"},"modified":"2020-04-09T16:58:40","modified_gmt":"2020-04-09T14:58:40","slug":"notre-philosophie","status":"publish","type":"page","link":"https:\/\/aladha.com\/?page_id=74","title":{"rendered":"Notre philosophie"},"content":{"rendered":"<div id='av_section_1'  class='avia-section main_color avia-section-default avia-no-border-styling  avia-full-stretch av-parallax-section av-section-color-overlay-active avia-bg-style-parallax  avia-builder-el-0  el_before_av_layout_row  avia-builder-el-first   av-minimum-height av-minimum-height-custom  container_wrap sidebar_right' style=' '  data-section-bg-repeat='stretch'><div class='av-parallax' data-avia-parallax-ratio='0.3' ><div class='av-parallax-inner main_color  avia-full-stretch' style = 'background-repeat: no-repeat; background-image: url(https:\/\/aladha.com\/wp-content\/uploads\/2020\/03\/Aladha_05-2.jpg);background-attachment: scroll; background-position: bottom center; ' ><\/div><\/div><div class='av-section-color-overlay-wrap'><div class='av-section-color-overlay' style='opacity: 0.7; background-color: #b9a47c; '><\/div><div class='container' style='height:230px'><main  role=\"main\" itemprop=\"mainContentOfPage\"  class='template-page content  av-content-small alpha units'><div class='post-entry post-entry-type-page post-entry-74'><div class='entry-content-wrapper clearfix'>\n<div  style='text-align:center; color:#ffffff; font-size:40px; margin:0 0 0 0; ' class='av-rotator-container av-rotation-container-center   avia-builder-el-1  avia-builder-el-no-sibling  av-after-rotation-text-active' data-interval='3' data-animation='-1'><h3 class='av-rotator-container-inner '>ALADHA S\u2019ENGAGE<span class='av-rotator-text av-rotator-multiline-on '>\n<span style='color:#4d4739; ' class='av-rotator-text-single av-rotator-text-single-1'>ETHIQUE ENVIRONNEMENTALE<\/span>\n<span style='color:#4d4739; ' class='av-rotator-text-single av-rotator-text-single-2'>ETHIQUE RELIGIEUSE<\/span>\n<span style='color:#4d4739; ' class='av-rotator-text-single av-rotator-text-single-3'>ETHIQUE COMMERCIALE<\/span>\n<\/span>NOTRE MARQUE=VOS VALEURS<\/h3><\/div>\n\n<\/div><\/div><\/main><!-- close content main element --><\/div><\/div><\/div><div id='av-layout-grid-1'  class='av-layout-grid-container entry-content-wrapper main_color av-flex-cells     avia-builder-el-2  el_after_av_section  el_before_av_layout_row  submenu-not-first container_wrap sidebar_right' style=' '  >\n<div class=\"flex_cell no_margin av_one_half  avia-builder-el-3  el_before_av_cell_one_half  avia-builder-el-first   \"  style='height:600px; min-height:600px;vertical-align:middle; padding:150px; background-color:#ffffff; ' ><div class='flex_cell_inner' ><p><div  style='padding-bottom:10px; font-size:30px;' class='av-special-heading av-special-heading-h3  blockquote modern-quote  avia-builder-el-4  el_before_av_hr  avia-builder-el-first  av-inherit-size '><h3 class='av-special-heading-tag '  itemprop=\"headline\"  >\u00c9THIQUE ENVIRONNEMENTALE<\/h3><div class='special-heading-border'><div class='special-heading-inner-border' ><\/div><\/div><\/div><br \/>\n<div  style=' margin-top:30px; margin-bottom:30px;'  class='hr hr-custom hr-left hr-icon-no   avia-builder-el-5  el_after_av_heading  el_before_av_textblock '><span class='hr-inner   inner-border-av-border-fat' style=' width:50px;' ><span class='hr-inner-style'><\/span><\/span><\/div><br \/>\n<section class=\"av_textblock_section \"  itemscope=\"itemscope\" itemtype=\"https:\/\/schema.org\/CreativeWork\" ><div class='avia_textblock  '   itemprop=\"text\" ><p>Aladha privil\u00e9gie les acteurs locaux &amp; circuits courts en mettant en avant le travail de producteurs responsables et engag\u00e9s qui partagent vos valeurs : transparence, qualit\u00e9 gustative et respect de l\u2019environnement.<\/p>\n<p>Toutes nos viandes sont \u00e9lev\u00e9es en France et transform\u00e9es dans la r\u00e9gion.<\/p>\n<h3>100% origine France et 100% partenaires locaux<\/h3>\n<\/div><\/section><\/p>\n<\/div><\/div><div class=\"flex_cell no_margin av_one_half  avia-builder-el-7  el_after_av_cell_one_half  avia-builder-el-last   avia-full-stretch \"  style='height:600px; min-height:600px;background:url(https:\/\/aladha.com\/wp-content\/uploads\/2020\/03\/Aladha_20.jpg) center center no-repeat scroll; vertical-align:top; padding:50px; ' ><div class='flex_cell_inner' ><\/div><\/div>\n<\/div>\n<div id='av-layout-grid-2'  class='av-layout-grid-container entry-content-wrapper main_color av-flex-cells     avia-builder-el-8  el_after_av_layout_row  el_before_av_layout_row  submenu-not-first container_wrap sidebar_right' style=' '  >\n<div class=\"flex_cell no_margin av_one_half  avia-builder-el-9  el_before_av_cell_one_half  avia-builder-el-first   avia-full-stretch \"  style='height:600px; min-height:600px;background:url(https:\/\/aladha.com\/wp-content\/uploads\/2020\/03\/Aladha_19.jpg) center left no-repeat scroll; vertical-align:middle; padding:50px; ' ><div class='flex_cell_inner' ><\/div><\/div><div class=\"flex_cell no_margin av_one_half  avia-builder-el-10  el_after_av_cell_one_half  avia-builder-el-last   \"  style='height:600px; min-height:600px;vertical-align:middle; padding:150px; ' ><div class='flex_cell_inner' ><p><div  style='padding-bottom:10px; font-size:30px;' class='av-special-heading av-special-heading-h3  blockquote modern-quote  avia-builder-el-11  el_before_av_hr  avia-builder-el-first  av-inherit-size '><h3 class='av-special-heading-tag '  itemprop=\"headline\"  >\u00c9THIQUE RELIGIEUSE<\/h3><div class='special-heading-border'><div class='special-heading-inner-border' ><\/div><\/div><\/div><br \/>\n<div  style=' margin-top:30px; margin-bottom:30px;'  class='hr hr-custom hr-left hr-icon-no   avia-builder-el-12  el_after_av_heading  el_before_av_textblock '><span class='hr-inner   inner-border-av-border-fat' style=' width:50px;' ><span class='hr-inner-style'><\/span><\/span><\/div><br \/>\n<section class=\"av_textblock_section \"  itemscope=\"itemscope\" itemtype=\"https:\/\/schema.org\/CreativeWork\" ><div class='avia_textblock  '   itemprop=\"text\" ><p>Aladha respecte les pr\u00e9ceptes musulmans du sacrifice rituel et garantie un contr\u00f4le interne strict.<\/p>\n<p>Aladha s\u2019engage \u00e0 s\u00e9lectionner des partenaires exp\u00e9riment\u00e9s offrant les meilleures conditions mat\u00e9rielles et humaines afin minimiser la souffrance animale.<\/p>\n<\/div><\/section><\/p>\n<\/div><\/div>\n<\/div>\n<div id='av-layout-grid-3'  class='av-layout-grid-container entry-content-wrapper main_color av-flex-cells     avia-builder-el-14  el_after_av_layout_row  el_before_av_section  submenu-not-first container_wrap sidebar_right' style=' '  >\n<div class=\"flex_cell no_margin av_one_half  avia-builder-el-15  el_before_av_cell_one_half  avia-builder-el-first   \"  style='height:600px; min-height:600px;background: #b9a47c; vertical-align:middle; padding:150px; background-color:#b9a47c; ' ><div class='flex_cell_inner' ><p><div  style='padding-bottom:10px; color:#ffffff;font-size:30px;' class='av-special-heading av-special-heading-h3 custom-color-heading blockquote modern-quote  avia-builder-el-16  el_before_av_hr  avia-builder-el-first  av-inherit-size '><h3 class='av-special-heading-tag '  itemprop=\"headline\"  >\u00c9THIQUE COMMERCIALE<\/h3><div class='special-heading-border'><div class='special-heading-inner-border' style='border-color:#ffffff'><\/div><\/div><\/div><br \/>\n<div  style=' margin-top:30px; margin-bottom:30px;'  class='hr hr-custom hr-left hr-icon-no   avia-builder-el-17  el_after_av_heading  el_before_av_textblock '><span class='hr-inner   inner-border-av-border-fat' style=' width:50px; border-color:#ffffff;' ><span class='hr-inner-style'><\/span><\/span><\/div><br \/>\n<section class=\"av_textblock_section \"  itemscope=\"itemscope\" itemtype=\"https:\/\/schema.org\/CreativeWork\" ><div class='avia_textblock  av_inherit_color '  style='color:#ffffff; '  itemprop=\"text\" ><p>Pour une fili\u00e8re de production durable, Aladha s\u2019engage dans une gestion juste et \u00e9quitable avec ses partenaires professionnels.<\/p>\n<p>Aladha s\u2019engage \u00e0 faire des dons financiers &amp; nature \u00e0 ses partenaires associatifs.<\/p>\n<\/div><\/section><\/p>\n<\/div><\/div><div class=\"flex_cell no_margin av_one_half  avia-builder-el-19  el_after_av_cell_one_half  avia-builder-el-last   avia-full-stretch \"  style='height:600px; min-height:600px;background:url(https:\/\/aladha.com\/wp-content\/uploads\/2020\/03\/AdobeStock_139561031.jpeg) center center no-repeat scroll; vertical-align:top; padding:50px; ' ><div class='flex_cell_inner' ><\/div><\/div>\n<\/div>\n<div id='av_section_2'  class='avia-section alternate_color avia-section-large avia-no-border-styling  avia-bg-style-scroll  avia-builder-el-20  el_after_av_layout_row  el_before_av_section   container_wrap sidebar_right' style=' '  ><div class='container' ><div class='template-page content  av-content-small alpha units'><div class='post-entry post-entry-type-page post-entry-74'><div class='entry-content-wrapper clearfix'>\n<div class=\"flex_column av_one_half  flex_column_div first  avia-builder-el-21  el_before_av_one_half  avia-builder-el-first  \" ><article  class=\"iconbox iconbox_left_content    avia-builder-el-22  avia-builder-el-no-sibling  \"  itemscope=\"itemscope\" itemtype=\"https:\/\/schema.org\/CreativeWork\" ><div class=\"iconbox_icon heading-color \" aria-hidden='true' data-av_icon='\uf109' data-av_iconfont='flaticon'  ><\/div><div class=\"iconbox_content\"><header class=\"entry-content-header\"><h3 class='iconbox_content_title  '  itemprop=\"headline\"  >Sacrifice Halal 100% Local<\/h3><\/header><div class='iconbox_content_container  '  itemprop=\"text\"  ><p>Tous les produits sont garantie halal, certifi\u00e9s en interne et contr\u00f4lable par nos partenaires associatifs ou sur demande par une personne morale (ALADHA s\u2019autorise \u00e0 refuser certaines demandes).<\/p>\n<\/div><\/div><footer class=\"entry-footer\"><\/footer><\/article><\/div><div class=\"flex_column av_one_half  flex_column_div   avia-builder-el-23  el_after_av_one_half  el_before_av_one_half  \" ><article  class=\"iconbox iconbox_left_content    avia-builder-el-24  avia-builder-el-no-sibling  \"  itemscope=\"itemscope\" itemtype=\"https:\/\/schema.org\/CreativeWork\" ><div class=\"iconbox_icon heading-color \" aria-hidden='true' data-av_icon='\uf11b' data-av_iconfont='flaticon'  ><\/div><div class=\"iconbox_content\"><header class=\"entry-content-header\"><h3 class='iconbox_content_title  '  itemprop=\"headline\"  >Producteurs locaux<\/h3><\/header><div class='iconbox_content_container  '  itemprop=\"text\"  ><p>Qualit\u00e9, authenticit\u00e9, tradition et saveurs du terroir.<\/p>\n<\/div><\/div><footer class=\"entry-footer\"><\/footer><\/article><\/div><div class=\"flex_column av_one_half  flex_column_div first  avia-builder-el-25  el_after_av_one_half  el_before_av_one_half  column-top-margin\" ><article  class=\"iconbox iconbox_left_content    avia-builder-el-26  avia-builder-el-no-sibling  \"  itemscope=\"itemscope\" itemtype=\"https:\/\/schema.org\/CreativeWork\" ><div class=\"iconbox_icon heading-color \" aria-hidden='true' data-av_icon='\uf10d' data-av_iconfont='flaticon'  ><\/div><div class=\"iconbox_content\"><header class=\"entry-content-header\"><h3 class='iconbox_content_title  '  itemprop=\"headline\"  >SERVICE CLIENT<\/h3><\/header><div class='iconbox_content_container  '  itemprop=\"text\"  ><p>Notre service client se tient \u00e0 votre \u00e9coute via les r\u00e9seaux sociaux, le formulaire contact et sa hotline.<\/p>\n<\/div><\/div><footer class=\"entry-footer\"><\/footer><\/article><\/div><div class=\"flex_column av_one_half  flex_column_div   avia-builder-el-27  el_after_av_one_half  el_before_av_one_half  column-top-margin\" ><article  class=\"iconbox iconbox_left_content    avia-builder-el-28  avia-builder-el-no-sibling  \"  itemscope=\"itemscope\" itemtype=\"https:\/\/schema.org\/CreativeWork\" ><div class=\"iconbox_icon heading-color \" aria-hidden='true' data-av_icon='\uf10f' data-av_iconfont='flaticon'  ><\/div><div class=\"iconbox_content\"><header class=\"entry-content-header\"><h3 class='iconbox_content_title  '  itemprop=\"headline\"  >Garantie fra\u00eecheur<\/h3><\/header><div class='iconbox_content_container  '  itemprop=\"text\"  ><p>Viandes fraiches tranch\u00e9es &amp; mises sous-vide. Livraison dans des camions r\u00e9frig\u00e9r\u00e9s.<\/p>\n<\/div><\/div><footer class=\"entry-footer\"><\/footer><\/article><\/div><div class=\"flex_column av_one_half  flex_column_div first  avia-builder-el-29  el_after_av_one_half  el_before_av_one_half  column-top-margin\" ><article  class=\"iconbox iconbox_left_content    avia-builder-el-30  avia-builder-el-no-sibling  \"  itemscope=\"itemscope\" itemtype=\"https:\/\/schema.org\/CreativeWork\" ><div class=\"iconbox_icon heading-color \" aria-hidden='true' data-av_icon='\ue8cf' data-av_iconfont='entypo-fontello'  ><\/div><div class=\"iconbox_content\"><header class=\"entry-content-header\"><h3 class='iconbox_content_title  '  itemprop=\"headline\"  >Paiements s\u00e9curis\u00e9s<\/h3><\/header><div class='iconbox_content_container  '  itemprop=\"text\"  ><p>ALADHA vous propose\u00a0 le r\u00e8glement via\u00a0 la plateforme de paiement <a href=\"http:\/\/www.paypal.fr\/\" target=\"_blank\" rel=\"noopener noreferrer\">Paypal<\/a> ou par virement bancaire.<\/p>\n<\/div><\/div><footer class=\"entry-footer\"><\/footer><\/article><\/div><div class=\"flex_column av_one_half  flex_column_div   avia-builder-el-31  el_after_av_one_half  avia-builder-el-last  column-top-margin\" ><article  class=\"iconbox iconbox_left_content    avia-builder-el-32  avia-builder-el-no-sibling  \"  itemscope=\"itemscope\" itemtype=\"https:\/\/schema.org\/CreativeWork\" ><div class=\"iconbox_icon heading-color \" aria-hidden='true' data-av_icon='\uf11c' data-av_iconfont='flaticon'  ><\/div><div class=\"iconbox_content\"><header class=\"entry-content-header\"><h3 class='iconbox_content_title  '  itemprop=\"headline\"  >Respect du bien \u00eatre animal<\/h3><\/header><div class='iconbox_content_container  '  itemprop=\"text\"  ><p>ALADHA s\u2019engage dans le respect de l\u2019animal, des conditions d\u2019\u00e9levage et de sacrifice.<\/p>\n<\/div><\/div><footer class=\"entry-footer\"><\/footer><\/article><\/div>\n\n<\/div><\/div><\/div><!-- close content main div --><\/div><\/div><div id='sign-up'  class='avia-section main_color avia-section-default avia-no-shadow  avia-full-stretch av-parallax-section av-section-color-overlay-active avia-bg-style-parallax  avia-builder-el-33  el_after_av_section  avia-builder-el-last   container_wrap sidebar_right' style=' '  data-section-bg-repeat='stretch'><div class='av-parallax' data-avia-parallax-ratio='0.3' ><div class='av-parallax-inner main_color  avia-full-stretch' style = 'background-repeat: no-repeat; background-image: url(https:\/\/aladha.com\/wp-content\/uploads\/2020\/03\/Aladha_15.jpg);background-attachment: scroll; background-position: center center; ' ><\/div><\/div><div class='av-section-color-overlay-wrap'><div class='av-section-color-overlay' style='opacity: 0.7; background-color: #b9a47c; '><\/div><div class='container' ><div class='template-page content  av-content-small alpha units'><div class='post-entry post-entry-type-page post-entry-74'><div class='entry-content-wrapper clearfix'>\n<div  style='padding-bottom:10px; color:#ffffff;font-size:30px;' class='av-special-heading av-special-heading-h3 custom-color-heading blockquote modern-quote modern-centered  avia-builder-el-34  el_before_av_one_fifth  avia-builder-el-first  av-inherit-size '><h3 class='av-special-heading-tag '  itemprop=\"headline\"  >Vous souhaitez suivre nos offres et promotions ? Inscrivez vous \u00e0 notre Newsletter!<\/h3><div class='special-heading-border'><div class='special-heading-inner-border' style='border-color:#ffffff'><\/div><\/div><\/div>\n<div class=\"flex_column av_one_fifth  flex_column_div first  avia-builder-el-35  el_after_av_heading  el_before_av_three_fifth  \" ><\/div><div class=\"flex_column av_three_fifth  flex_column_div   avia-builder-el-36  el_after_av_one_fifth  el_before_av_one_fifth  \" ><form action=\"https:\/\/aladha.com\/?page_id=74\" method=\"post\"  class=\"avia_ajax_form av-form-labels-hidden   avia-builder-el-37  avia-builder-el-no-sibling  av-custom-form-color av-light-form \" data-avia-form-id=\"1\" data-avia-redirect='' ><fieldset><p class='  first_form  form_element form_element_third' id='element_avia_1_1'><label for=\"avia_1_1\">Nom <abbr class=\"required\" title=\"requis\">*<\/abbr><\/label> <input name=\"avia_1_1\" class=\"text_input is_empty\" type=\"text\" id=\"avia_1_1\" value=\"\"  placeholder='Nom*'\/><\/p><p class='  form_element form_element_third av-last-visible-form-element' id='element_avia_2_1'><label for=\"avia_2_1\">E-Mail <abbr class=\"required\" title=\"requis\">*<\/abbr><\/label> <input name=\"avia_2_1\" class=\"text_input is_email\" type=\"text\" id=\"avia_2_1\" value=\"\"  placeholder='E-Mail*'\/><\/p><p class=\"hidden\"><input type=\"text\" name=\"avia_3_1\" class=\"hidden \" id=\"avia_3_1\" value=\"\" \/><\/p><p class=\"form_element form_element_third modified_width\"><input type=\"hidden\" value=\"1\" name=\"avia_generated_form1\" \/><input type=\"submit\" value=\"S\u2019inscrire\" class=\"button\"  data-sending-label=\"Envoi\"\/><\/p><\/fieldset><\/form><div id=\"ajaxresponse_1\" class=\"ajaxresponse ajaxresponse_1 hidden\"><\/div><\/div><div class=\"flex_column av_one_fifth  flex_column_div   avia-builder-el-38  el_after_av_three_fifth  avia-builder-el-last  \" ><\/div><\/div><\/div><\/div><!-- close content main div --><\/div><\/div><\/div><div id='after_section_3'  class='main_color av_default_container_wrap container_wrap sidebar_right' style=' '  ><div class='container' ><div class='template-page content  av-content-small alpha units'><div class='post-entry post-entry-type-page post-entry-74'><div class='entry-content-wrapper clearfix'>\n","protected":false},"excerpt":{"rendered":"","protected":false},"author":1,"featured_media":0,"parent":0,"menu_order":0,"comment_status":"open","ping_status":"open","template":"","meta":{"spay_email":"","footnotes":""},"_links":{"self":[{"href":"https:\/\/aladha.com\/index.php?rest_route=\/wp\/v2\/pages\/74"}],"collection":[{"href":"https:\/\/aladha.com\/index.php?rest_route=\/wp\/v2\/pages"}],"about":[{"href":"https:\/\/aladha.com\/index.php?rest_route=\/wp\/v2\/types\/page"}],"author":[{"embeddable":true,"href":"https:\/\/aladha.com\/index.php?rest_route=\/wp\/v2\/users\/1"}],"replies":[{"embeddable":true,"href":"https:\/\/aladha.com\/index.php?rest_route=%2Fwp%2Fv2%2Fcomments&post=74"}],"version-history":[{"count":18,"href":"https:\/\/aladha.com\/index.php?rest_route=\/wp\/v2\/pages\/74\/revisions"}],"predecessor-version":[{"id":1416,"href":"https:\/\/aladha.com\/index.php?rest_route=\/wp\/v2\/pages\/74\/revisions\/1416"}],"wp:attachment":[{"href":"https:\/\/aladha.com\/index.php?rest_route=%2Fwp%2Fv2%2Fmedia&parent=74"}],"curies":[{"name":"wp","href":"https:\/\/api.w.org\/{rel}","templated":true}]}}